{"id":29872,"date":"2025-07-20T23:32:05","date_gmt":"2025-07-20T21:32:05","guid":{"rendered":"https:\/\/preciousea.de\/shop\/uncategorized\/nalaya-shell-necklace\/"},"modified":"2026-02-05T12:41:03","modified_gmt":"2026-02-05T11:41:03","slug":"nalaya-shell-necklace","status":"publish","type":"product","link":"https:\/\/preciousea.de\/en\/shop\/necklaces\/nalaya-shell-necklace\/","title":{"rendered":"Nalaya Shell Necklace"},"content":{"rendered":"","protected":false},"excerpt":{"rendered":"<p>Die Nalaya Shell Necklace ist erstrahlt in den Farben des Sandes mit einer s\u00fc\u00dfen kleinen Muschel in der Mitte. Inspiriert vom Rauschen der Wellen und warmem Sand unter den F\u00fc\u00dfen, bringt sie ein St\u00fcck Strandfeeling in deinen Alltag. Leicht, nat\u00fcrlich und liebevoll handgefertigt \u2013 f\u00fcr alle, die das Muscheln so sehr lieben wie wir &lt;3  <\/p>\n<p>Materials: Shell material; 925 sterling silver or 14 carat \/ 20 gold filled<br \/>\nLength (chain): approx. 38cm + 7cm extension <span style=\"font-size: 90%;\">(if you would like the necklace a little longer or shorter, please write this in the \u2018Notes about your order\u2019 field at checkout)<\/span><\/p>\n<h5><span style=\"font-size: 90%;\">This Preciousea necklace is lovingly hand-crafted by us and may vary slightly from the product image due to individual production.<\/span><\/h5>\n","protected":false},"featured_media":29869,"template":"","meta":[],"product_brand":[],"product_cat":[79,91],"product_tag":[],"class_list":{"0":"post-29872","1":"product","2":"type-product","3":"status-publish","4":"has-post-thumbnail","6":"product_cat-necklaces","7":"product_cat-new-in","9":"first","10":"instock","11":"taxable","12":"shipping-taxable","13":"purchasable","14":"product-type-variable"},"_links":{"self":[{"href":"https:\/\/preciousea.de\/en\/wp-json\/wp\/v2\/product\/29872","targetHints":{"allow":["GET"]}}],"collection":[{"href":"https:\/\/preciousea.de\/en\/wp-json\/wp\/v2\/product"}],"about":[{"href":"https:\/\/preciousea.de\/en\/wp-json\/wp\/v2\/types\/product"}],"wp:featuredmedia":[{"embeddable":true,"href":"https:\/\/preciousea.de\/en\/wp-json\/wp\/v2\/media\/29869"}],"wp:attachment":[{"href":"https:\/\/preciousea.de\/en\/wp-json\/wp\/v2\/media?parent=29872"}],"wp:term":[{"taxonomy":"product_brand","embeddable":true,"href":"https:\/\/preciousea.de\/en\/wp-json\/wp\/v2\/product_brand?post=29872"},{"taxonomy":"product_cat","embeddable":true,"href":"https:\/\/preciousea.de\/en\/wp-json\/wp\/v2\/product_cat?post=29872"},{"taxonomy":"product_tag","embeddable":true,"href":"https:\/\/preciousea.de\/en\/wp-json\/wp\/v2\/product_tag?post=29872"}],"curies":[{"name":"wp","href":"https:\/\/api.w.org\/{rel}","templated":true}]}}