{"id":18360,"date":"2023-03-26T11:41:17","date_gmt":"2023-03-26T09:41:19","guid":{"rendered":"https:\/\/preciousea.de\/?post_type=product&#038;p=18360"},"modified":"2024-10-05T20:04:01","modified_gmt":"2024-10-05T18:04:01","slug":"reya","status":"publish","type":"product","link":"https:\/\/preciousea.de\/en\/shop\/necklaces\/reya\/","title":{"rendered":"Reya"},"content":{"rendered":"","protected":false},"excerpt":{"rendered":"<p>REYA &#8211; &#8220;the queen&#8221; and the sister of our beautiful Jolie necklace. The elegant Y-design draws the eye around the neck and then pearl by pearl deeper into the d\u00e9collet\u00e9. A necklace that definitely sets a statement, but above all decorates your d\u00e9collet\u00e9 very elegantly and delicately. You can choose either the longer or shorter version, depending on what suits YOU best. You can always write to us if you would like them to be shorter or longer to custom@preciousea.de We will be happy to make it for you.<\/p>\n<p>Length: approx. 37cm + 5cm extension<br \/>\nLength (Y-extension): approx. 7cm or approx. 18cm ( on request also longer \/ shorter)<br \/>\nMaterial: 925 sterling silver or 14 carat\/ 20 gold filled; natural shaped real freshwater pearls<\/p>\n<h5><span style=\"font-size: 90%\">This Preciousea necklace is lovingly hand-crafted and may vary slightly from the product image due to individual production.<\/span><\/h5>\n","protected":false},"featured_media":18948,"template":"","meta":[],"product_brand":[],"product_cat":[79],"product_tag":[],"class_list":{"0":"post-18360","1":"product","2":"type-product","3":"status-publish","4":"has-post-thumbnail","6":"product_cat-necklaces","8":"first","9":"instock","10":"taxable","11":"shipping-taxable","12":"purchasable","13":"product-type-variable"},"_links":{"self":[{"href":"https:\/\/preciousea.de\/en\/wp-json\/wp\/v2\/product\/18360","targetHints":{"allow":["GET"]}}],"collection":[{"href":"https:\/\/preciousea.de\/en\/wp-json\/wp\/v2\/product"}],"about":[{"href":"https:\/\/preciousea.de\/en\/wp-json\/wp\/v2\/types\/product"}],"wp:featuredmedia":[{"embeddable":true,"href":"https:\/\/preciousea.de\/en\/wp-json\/wp\/v2\/media\/18948"}],"wp:attachment":[{"href":"https:\/\/preciousea.de\/en\/wp-json\/wp\/v2\/media?parent=18360"}],"wp:term":[{"taxonomy":"product_brand","embeddable":true,"href":"https:\/\/preciousea.de\/en\/wp-json\/wp\/v2\/product_brand?post=18360"},{"taxonomy":"product_cat","embeddable":true,"href":"https:\/\/preciousea.de\/en\/wp-json\/wp\/v2\/product_cat?post=18360"},{"taxonomy":"product_tag","embeddable":true,"href":"https:\/\/preciousea.de\/en\/wp-json\/wp\/v2\/product_tag?post=18360"}],"curies":[{"name":"wp","href":"https:\/\/api.w.org\/{rel}","templated":true}]}}