{"id":25769,"date":"2025-07-10T09:22:43","date_gmt":"2025-07-10T07:22:43","guid":{"rendered":"https:\/\/preciousea.de\/impressum-alina-shalin\/"},"modified":"2025-10-17T18:46:20","modified_gmt":"2025-10-17T16:46:20","slug":"impressum-alina-shalin","status":"publish","type":"page","link":"https:\/\/preciousea.de\/en\/impressum-alina-shalin\/","title":{"rendered":"Impressum Alina Shalin"},"content":{"rendered":"\n<p style=\"text-align: center;\"><strong>Impressum<\/strong><\/p>\n<p style=\"text-align: center;\">Information according to \u00a75 TMG<\/p>\n<p style=\"text-align: center;\">Alina Shalin Sims<\/p>\n<p style=\"text-align: center;\">c\/o AALVAA Media<br>Am Hochacker 4<br>85630 Grasbrunn<br>Germany<br>Telefon: +4915754803228<\/p>\n<p style=\"text-align: center;\">E-Mail: alina.shalin@gmx.de<\/p>\n<p style=\"text-align: center;\">USt-IdNr.: DE341803683<\/p>\n<p style=\"text-align: center;\">Zust\u00e4ndige Regulierungs-\/Aufsichtsbeh\u00f6rde: Bayerische Landeszentrale f\u00fcr neue Medien (BLM), Heinrich-L\u00fcbke-Str. 27 , 81737 M\u00fcnchen<\/p>\n\n","protected":false},"excerpt":{"rendered":"","protected":false},"author":4,"featured_media":0,"parent":0,"menu_order":0,"comment_status":"closed","ping_status":"closed","template":"","meta":{"footnotes":""},"class_list":["post-25769","page","type-page","status-publish","hentry"],"_links":{"self":[{"href":"https:\/\/preciousea.de\/en\/wp-json\/wp\/v2\/pages\/25769","targetHints":{"allow":["GET"]}}],"collection":[{"href":"https:\/\/preciousea.de\/en\/wp-json\/wp\/v2\/pages"}],"about":[{"href":"https:\/\/preciousea.de\/en\/wp-json\/wp\/v2\/types\/page"}],"author":[{"embeddable":true,"href":"https:\/\/preciousea.de\/en\/wp-json\/wp\/v2\/users\/4"}],"replies":[{"embeddable":true,"href":"https:\/\/preciousea.de\/en\/wp-json\/wp\/v2\/comments?post=25769"}],"version-history":[{"count":2,"href":"https:\/\/preciousea.de\/en\/wp-json\/wp\/v2\/pages\/25769\/revisions"}],"predecessor-version":[{"id":30064,"href":"https:\/\/preciousea.de\/en\/wp-json\/wp\/v2\/pages\/25769\/revisions\/30064"}],"wp:attachment":[{"href":"https:\/\/preciousea.de\/en\/wp-json\/wp\/v2\/media?parent=25769"}],"curies":[{"name":"wp","href":"https:\/\/api.w.org\/{rel}","templated":true}]}}