{"id":2252,"date":"2020-06-01T02:45:21","date_gmt":"2020-06-01T00:45:21","guid":{"rendered":"https:\/\/preciousea.de\/revocation\/"},"modified":"2023-08-30T11:05:13","modified_gmt":"2023-08-30T09:05:13","slug":"revocation","status":"publish","type":"page","link":"https:\/\/preciousea.de\/en\/revocation\/","title":{"rendered":"Revocation"},"content":{"rendered":"\n<div class=\"accordion\">\n\n\t<div id=\"accordion-4074793624\" class=\"accordion-item\">\n\t\t<a id=\"accordion-4074793624-label\" class=\"accordion-title plain\" href=\"#accordion-item-widerrufsbelehrung-und-muster-widerrufsformular-f\u00fcr-waren\" aria-expanded=\"false\" aria-controls=\"accordion-4074793624-content\">\n\t\t\t<button class=\"toggle\" aria-label=\"Toggle\"><i class=\"icon-angle-down\" aria-hidden=\"true\"><\/i><\/button>\n\t\t\t<span>Widerrufsbelehrung und Muster-Widerrufsformular f\u00fcr Waren<\/span>\n\t\t<\/a>\n\t\t<div id=\"accordion-4074793624-content\" class=\"accordion-inner\" aria-labelledby=\"accordion-4074793624-label\">\n\t\t\t\n\n<p><strong>Widerrufsrecht f\u00fcr Verbraucher\u00a0<\/strong><br \/>(Verbraucher ist jede nat\u00fcrliche Person, die ein Rechtsgesch\u00e4ft zu Zwecken abschlie\u00dft, die \u00fcberwiegend weder ihrer gewerblichen noch ihrer selbstst\u00e4ndigen beruflichen T\u00e4tigkeit zugerechnet werden k\u00f6nnen.)<br \/><br \/><strong>Widerrufsbelehrung<\/strong><br \/><br \/><strong>Widerrufsrecht<\/strong><br \/>Sie haben das Recht, binnen eines Monats ohne Angabe von Gr\u00fcnden diesen Vertrag zu widerrufen.<br \/>Die Widerrufsfrist betr\u00e4gt einen Monat ab dem Tag,<br \/><br \/>&#8211; an dem Sie oder ein von Ihnen benannter Dritter, der nicht der Bef\u00f6rderer ist, die Waren in Besitz genommen haben bzw. hat, sofern Sie eine oder mehrere Waren im Rahmen einer einheitlichen Bestellung bestellt haben und diese einheitlich geliefert wird bzw. werden;<br \/><br \/>Um Ihr Widerrufsrecht auszu\u00fcben, m\u00fcssen Sie uns <strong>(Glorianna Froschmeier, K\u00e4stlenstra\u00dfe 20, 81827 M\u00fcnchen, Telefonnr.: +4915779074987, E-Mail-Adresse: return@preciousea.de)<\/strong> mittels einer eindeutigen Erkl\u00e4rung (z.B. ein mit der Post versandter Brief oder eine E-Mail) \u00fcber Ihren Entschluss, diesen Vertrag zu widerrufen, informieren. Sie k\u00f6nnen daf\u00fcr das beigef\u00fcgte Muster-Widerrufsformular verwenden, das jedoch nicht vorgeschrieben ist.<br \/><br \/>Sie k\u00f6nnen das Muster-Widerrufsformular oder eine andere eindeutige Erkl\u00e4rung auch auf unserer Webseite (www.preciousea.de) elektronisch ausf\u00fcllen und \u00fcbermitteln. Machen Sie von dieser M\u00f6glichkeit Gebrauch, so werden wir Ihnen unverz\u00fcglich (z.B. per E-Mail) eine Best\u00e4tigung \u00fcber den Eingang eines solchen Widerrufs \u00fcbermitteln.<br \/><br \/>Zur Wahrung der Widerrufsfrist reicht es aus, dass Sie die Mitteilung \u00fcber die Aus\u00fcbung des Widerrufsrechts vor Ablauf der Widerrufsfrist absenden.<br \/><br \/><strong>Folgen des Widerrufs<\/strong><br \/><br \/>Wenn Sie diesen Vertrag widerrufen, haben wir Ihnen alle Zahlungen, die wir von Ihnen erhalten haben, einschlie\u00dflich der Lieferkosten (mit Ausnahme der zus\u00e4tzlichen Kosten, die sich daraus ergeben, dass Sie eine andere Art der Lieferung als die von uns angebotene, g\u00fcnstigste Standardlieferung gew\u00e4hlt haben), unverz\u00fcglich und sp\u00e4testens binnen 14\u00a0Tagen ab dem Tag zur\u00fcckzuzahlen, an dem die Mitteilung \u00fcber Ihren Widerruf dieses Vertrags bei uns eingegangen ist. F\u00fcr diese R\u00fcckzahlung verwenden wir dasselbe Zahlungsmittel, das Sie bei der urspr\u00fcnglichen Transaktion eingesetzt haben, es sei denn, mit Ihnen wurde ausdr\u00fccklich etwas anderes vereinbart; in keinem Fall werden Ihnen wegen dieser R\u00fcckzahlung Entgelte berechnet.<br \/><br \/>Wir k\u00f6nnen die R\u00fcckzahlung verweigern, bis wir die Waren wieder zur\u00fcckerhalten haben oder bis Sie den Nachweis erbracht haben, dass Sie die Waren zur\u00fcckgesandt haben, je nachdem, welches der fr\u00fchere Zeitpunkt ist.<br \/><br \/>Sie haben die Waren unverz\u00fcglich und in jedem Fall sp\u00e4testens binnen 14\u00a0Tagen ab dem Tag, an dem Sie uns \u00fcber den Widerruf dieses Vertrags unterrichten, an uns\u00a0zur\u00fcckzusenden oder zu \u00fcbergeben. Die Frist ist gewahrt, wenn Sie die Waren vor Ablauf der Frist von 14 Tagen absenden.<br \/><br \/>Sie tragen die unmittelbaren Kosten der R\u00fccksendung der Waren.<br \/><br \/>Sie m\u00fcssen f\u00fcr einen etwaigen Wertverlust der Waren nur aufkommen, wenn dieser Wertverlust auf einen zur Pr\u00fcfung der Beschaffenheit, Eigenschaften und Funktionsweise der Waren nicht notwendigen Umgang mit ihnen zur\u00fcckzuf\u00fchren ist.<br \/><br \/><strong>Ausschluss- bzw. Erl\u00f6schensgr\u00fcnde<\/strong><br \/><br \/>Das Widerrufsrecht besteht nicht bei Vertr\u00e4gen<br \/><br \/>&#8211; zur Lieferung von Waren, die nicht vorgefertigt sind und f\u00fcr deren Herstellung eine individuelle Auswahl oder Bestimmung durch den Verbraucher ma\u00dfgeblich ist oder die eindeutig auf die pers\u00f6nlichen Bed\u00fcrfnisse des Verbrauchers zugeschnitten sind;<br \/>&#8211; zur Lieferung von Waren, die schnell verderben k\u00f6nnen oder deren Verfallsdatum schnell \u00fcberschritten w\u00fcrde;<br \/>&#8211; zur Lieferung alkoholischer Getr\u00e4nke, deren Preis bei Vertragsschluss vereinbart wurde, die aber fr\u00fchestens 30 Tage nach Vertragsschluss geliefert werden k\u00f6nnen und deren aktueller Wert von Schwankungen auf dem Markt abh\u00e4ngt, auf die der Unternehmer keinen Einfluss hat;<br \/>&#8211; zur Lieferung von Zeitungen, Zeitschriften oder Illustrierten mit Ausnahme von Abonnement-Vertr\u00e4gen.<br \/><br \/>Das Widerrufsrecht erlischt vorzeitig bei Vertr\u00e4gen<br \/><br \/>&#8211; zur Lieferung versiegelter Waren, die aus Gr\u00fcnden des Gesundheitsschutzes oder der Hygiene nicht zur R\u00fcckgabe geeignet sind, wenn ihre Versiegelung nach der Lieferung entfernt wurde;<br \/>&#8211; zur Lieferung von Waren, wenn diese nach der Lieferung aufgrund ihrer Beschaffenheit untrennbar mit anderen G\u00fctern vermischt wurden;<br \/>&#8211; zur Lieferung von Ton- oder Videoaufnahmen oder Computersoftware in einer versiegelten Packung, wenn die Versiegelung nach der Lieferung entfernt wurde.<br \/><br \/><\/p>\n<hr \/>\n<p><br \/><strong>Muster-Widerrufsformular<\/strong><br \/><br \/>(Wenn Sie den Vertrag widerrufen wollen, dann f\u00fcllen Sie bitte dieses Formular aus und senden Sie es zur\u00fcck.)<br \/><br \/>&#8211; An Glorianna Froschmeier, K\u00e4stlenstra\u00dfe 20, 81827 M\u00fcnchen, E-Mail-Adresse:\u00a0return@preciousea.de :<br \/><br \/>&#8211; Hiermit widerrufe(n) ich\/ wir (*) den von mir\/ uns (*) abgeschlossenen Vertrag \u00fcber den Kauf der folgenden Waren (*)\/<br \/>\u00a0 die Erbringung der folgenden Dienstleistung (*)<br \/><br \/>&#8211; Bestellt am (*)\/ erhalten am (*)<br \/><br \/>&#8211; Name des\/ der Verbraucher(s)<br \/>&#8211; Anschrift des\/ der Verbraucher(s)<br \/>&#8211; Unterschrift des\/ der Verbraucher(s) (nur bei Mitteilung auf Papier)<br \/>&#8211; Datum<br \/><br \/>(*) Unzutreffendes streichen.<\/p>\n\n\t\t<\/div>\n\t<\/div>\n\t\n\t<div id=\"accordion-3754596078\" class=\"accordion-item\">\n\t\t<a id=\"accordion-3754596078-label\" class=\"accordion-title plain\" href=\"#accordion-item-widerrufsbelehrung-und-muster-widerrufsformular-f\u00fcr-dienstleistungen\" aria-expanded=\"false\" aria-controls=\"accordion-3754596078-content\">\n\t\t\t<button class=\"toggle\" aria-label=\"Toggle\"><i class=\"icon-angle-down\" aria-hidden=\"true\"><\/i><\/button>\n\t\t\t<span>Widerrufsbelehrung und Muster-Widerrufsformular f\u00fcr Dienstleistungen<\/span>\n\t\t<\/a>\n\t\t<div id=\"accordion-3754596078-content\" class=\"accordion-inner\" aria-labelledby=\"accordion-3754596078-label\">\n\t\t\t\n\n<p><strong>Widerrufsrecht f\u00fcr Verbraucher<\/strong><br \/>(Verbraucher ist jede nat\u00fcrliche Person, die ein Rechtsgesch\u00e4ft zu Zwecken abschlie\u00dft, die \u00fcberwiegend weder ihrer gewerblichen noch ihrer selbstst\u00e4ndigen beruflichen T\u00e4tigkeit zugerechnet werden k\u00f6nnen.)<br \/><br \/><strong>Widerrufsbelehrung<\/strong><br \/><br \/><strong>Widerrufsrecht<\/strong><br \/>Sie haben das Recht, binnen eines Monats ohne Angabe von Gr\u00fcnden diesen Vertrag zu widerrufen.<br \/>Die Widerrufsfrist betr\u00e4gt einen Monat ab dem Tag des Vertragsabschlusses.<br \/><br \/><\/p>\n<div>Um Ihr Widerrufsrecht auszu\u00fcben, m\u00fcssen Sie uns <strong>(Glorianna Froschmeier, K\u00e4stlenstra\u00dfe 20, 81827 M\u00fcnchen, Telefonnummer: 015779074987, E-Mail-Adresse: return@preciousea.de)<\/strong> mittels einer eindeutigen Erkl\u00e4rung (z.B. ein mit der Post versandter Brief oder eine E-Mail) \u00fcber Ihren Entschluss, diesen Vertrag zu widerrufen, informieren. Sie k\u00f6nnen daf\u00fcr das beigef\u00fcgte Muster-Widerrufsformular verwenden, das jedoch nicht vorgeschrieben ist.<br \/>\u00a0<\/div>\n<p>Sie k\u00f6nnen das Muster-Widerrufsformular oder eine andere eindeutige Erkl\u00e4rung auch auf unserer Webseite (www.preciousea.de) elektronisch ausf\u00fcllen und \u00fcbermitteln. Machen Sie von dieser M\u00f6glichkeit Gebrauch, so werden wir Ihnen unverz\u00fcglich (z.B. per E-Mail) eine Best\u00e4tigung \u00fcber den Eingang eines solchen Widerrufs <a>\u00fcbermitteln.<\/a><br \/><br \/>Zur Wahrung der Widerrufsfrist reicht es aus, dass Sie die Mitteilung \u00fcber die Aus\u00fcbung des Widerrufsrechts vor Ablauf der Widerrufsfrist absenden.<br \/><br \/><strong>Folgen des Widerrufs <\/strong><br \/>\u00a0<br \/>Wenn Sie diesen Vertrag widerrufen, haben wir Ihnen alle Zahlungen, die wir von Ihnen erhalten haben, einschlie\u00dflich der Lieferkosten (mit Ausnahme der zus\u00e4tzlichen Kosten, die sich daraus ergeben, dass Sie eine andere Art der Lieferung als die von uns angebotene, g\u00fcnstigste Standardlieferung gew\u00e4hlt haben), unverz\u00fcglich und sp\u00e4testens binnen vierzehn Tagen ab dem Tag zur\u00fcckzuzahlen, an dem die Mitteilung \u00fcber Ihren Widerruf dieses Vertrags bei uns eingegangen ist. F\u00fcr diese R\u00fcckzahlung verwenden wir dasselbe Zahlungsmittel, das Sie bei der urspr\u00fcnglichen Transaktion eingesetzt haben, es sei denn, mit Ihnen wurde ausdr\u00fccklich etwas anderes vereinbart; in keinem Fall werden Ihnen wegen dieser R\u00fcckzahlung Entgelte berechnet.<br \/><br \/>Haben Sie verlangt, dass die Dienstleistungen, f\u00fcr die der Vertrag die Zahlung eines Preises vorsieht, w\u00e4hrend der Widerrufsfrist beginnen soll, so haben Sie uns einen angemessenen Betrag zu zahlen, der dem Anteil der bis zu dem Zeitpunkt, zu dem Sie uns von der Aus\u00fcbung des Widerrufsrechts hinsichtlich dieses Vertrags unterrichten, bereits erbrachten Dienstleistungen im Vergleich zum Gesamtumfang der im Vertrag vorgesehenen Dienstleistungen <a>entspricht<\/a>.<br \/><br \/><strong>Ausschluss- bzw. Erl\u00f6schensgr\u00fcnde<\/strong><br \/><br \/>Das Widerrufsrecht besteht nicht bei Vertr\u00e4gen zur Erbringung von Dienstleistungen im Zusammenhang mit Freizeitbet\u00e4tigungen, wenn der Vertrag f\u00fcr die Erbringung einen spezifischen Termin oder Zeitraum vorsieht.<br \/><br \/>Das Widerrufsrecht erlischt bei einem Vertrag \u00fcber die Erbringung von Dienstleistungen, der den Verbraucher zur Zahlung eines Preises verpflichtet, mit der vollst\u00e4ndigen Erbringung der Dienstleistung, wenn der Verbraucher vor Beginn der Erbringung ausdr\u00fccklich zugestimmt hat, dass der Unternehmer mit der Erbringung der Dienstleistung vor Ablauf der Widerrufsfrist beginnt und seine Kenntnis davon best\u00e4tigt hat, dass sein Widerrufsrecht mit vollst\u00e4ndiger Vertragserf\u00fcllung durch den Unternehmer erlischt.<\/p>\n<div>\u00a0<\/div>\n<p>Das Widerrufsrecht erlischt bei einem Vertrag, bei dem der Verbraucher den Unternehmer ausdr\u00fccklich aufgefordert hat, ihn aufzusuchen, um Reparaturarbeiten auszuf\u00fchren, mit der vollst\u00e4ndigen Erbringung der Reparaturleistungen, wenn der Verbraucher vor Beginn der Erbringung ausdr\u00fccklich zugestimmt hat, dass der Unternehmer mit der Erbringung der Reparaturleistungen vor Ablauf der Widerrufsfrist beginnt.<br \/><br \/><br \/><\/p>\n<hr \/>\n<p><br \/><strong>Muster-Widerrufsformular<\/strong><br \/><br \/>(Wenn Sie den Vertrag widerrufen wollen, dann f\u00fcllen Sie bitte dieses Formular aus und senden Sie es zur\u00fcck.)<br \/><br \/>&#8211; An Glorianna Froschmeier, K\u00e4stlenstra\u00dfe 20, 81827 M\u00fcnchen, E-Mail-Adresse: return@preciousea.de:<br \/><br \/>&#8211; Hiermit widerrufe(n) ich\/ wir (*) den von mir\/ uns (*) abgeschlossenen Vertrag \u00fcber den Kauf der folgenden Waren (*)\/<br \/>\u00a0 die Erbringung der folgenden Dienstleistung (*)<br \/><br \/>&#8211; Bestellt am (*)\/ erhalten am (*)<br \/><br \/>&#8211; Name des\/ der Verbraucher(s)<br \/>&#8211; Anschrift des\/ der Verbraucher(s)<br \/>&#8211; Unterschrift des\/ der Verbraucher(s) (nur bei Mitteilung auf Papier)<br \/>&#8211; Datum<br \/><br \/>(*) Unzutreffendes streichen.<\/p>\n\n\t\t<\/div>\n\t<\/div>\n\t\n\n<\/div>\n\n","protected":false},"excerpt":{"rendered":"","protected":false},"author":1,"featured_media":0,"parent":0,"menu_order":0,"comment_status":"closed","ping_status":"closed","template":"","meta":{"footnotes":""},"class_list":["post-2252","page","type-page","status-publish","hentry"],"_links":{"self":[{"href":"https:\/\/preciousea.de\/en\/wp-json\/wp\/v2\/pages\/2252","targetHints":{"allow":["GET"]}}],"collection":[{"href":"https:\/\/preciousea.de\/en\/wp-json\/wp\/v2\/pages"}],"about":[{"href":"https:\/\/preciousea.de\/en\/wp-json\/wp\/v2\/types\/page"}],"author":[{"embeddable":true,"href":"https:\/\/preciousea.de\/en\/wp-json\/wp\/v2\/users\/1"}],"replies":[{"embeddable":true,"href":"https:\/\/preciousea.de\/en\/wp-json\/wp\/v2\/comments?post=2252"}],"version-history":[{"count":7,"href":"https:\/\/preciousea.de\/en\/wp-json\/wp\/v2\/pages\/2252\/revisions"}],"predecessor-version":[{"id":21953,"href":"https:\/\/preciousea.de\/en\/wp-json\/wp\/v2\/pages\/2252\/revisions\/21953"}],"wp:attachment":[{"href":"https:\/\/preciousea.de\/en\/wp-json\/wp\/v2\/media?parent=2252"}],"curies":[{"name":"wp","href":"https:\/\/api.w.org\/{rel}","templated":true}]}}