{"id":2233,"date":"2020-06-01T01:34:14","date_gmt":"2020-05-31T23:34:14","guid":{"rendered":"https:\/\/preciousea.de\/impressum\/"},"modified":"2025-07-20T23:13:13","modified_gmt":"2025-07-20T21:13:13","slug":"imprint","status":"publish","type":"page","link":"https:\/\/preciousea.de\/en\/imprint\/","title":{"rendered":"Impressum"},"content":{"rendered":"\n<p><strong>Impressum<\/strong><\/p>\n<p>Legal website operator identification:<\/p>\n<p><strong>Glorianna Froschmeier<br>Preciousea <br>K\u00e4stlenstra\u00dfe 20<br>81827 M\u00fcnchen<br>Deutschland<br>Telefon: +4915754803228<br>E-Mail: <\/strong><strong>kontakt@preciousea.de<\/strong><\/p>\n<p><strong><br>VAT No.: DE329290560<\/strong><\/p>\n<p><strong>We are <\/strong><strong>a member of the initiative \u201eFairCommerce\u201c<\/strong> <strong>since 03.05.2020.<\/strong><br><br>For more information, see: <a href=\"https:\/\/www.haendlerbund.de\/de\/haendlerbund\/interessenvertretung\/faircommerce\" target=\"_blank\" rel=\"noopener\">www.haendlerbund.de\/faircommerce<\/a>.<\/p>\n\n<div class=\"row\"  id=\"row-1215405380\">\n\n\n\t<div id=\"col-1809546293\" class=\"col medium-3 small-6 large-3\"  >\n\t\t\t\t<div class=\"col-inner\"  >\n\t\t\t\n\t\t\t\n\n<p><a href=\".\" target=\"_blank\" rel=\"noopener noreferrer\"><img decoding=\"async\" title=\"H\u00e4ndlerbund Mitglied\" src=\"https:\/\/www.haendlerbund.de\/mitglied\/logo.php?uuid=fdc573fc-8d52-11ea-a4fa-9c5c8e4fb375-7276500395&amp;size=120&amp;variant=2\" alt=\"Mitglied im H\u00e4ndlerbund\" vspace=\"5\" hspace=\"5\" border=\"0\"><\/a><br><!-- Ende des H&auml;ndlerbund HTML-Code --><\/p>\n\n\t\t<\/div>\n\t\t\t\t\t<\/div>\n\n\t\n\n\t<div id=\"col-1516934949\" class=\"col medium-3 small-6 large-3\"  >\n\t\t\t\t<div class=\"col-inner\"  >\n\t\t\t\n\t\t\t\n\n\t<div id=\"gap-698148107\" class=\"gap-element clearfix\" style=\"display:block; height:auto;\">\n\t\t\n<style>\n#gap-698148107 {\n  padding-top: 18px;\n}\n@media (min-width:550px) {\n  #gap-698148107 {\n    padding-top: 15px;\n  }\n}\n@media (min-width:850px) {\n  #gap-698148107 {\n    padding-top: 5px;\n  }\n}\n<\/style>\n\t<\/div>\n\t\n\n\t<div class=\"img has-hover x md-x lg-x y md-y lg-y\" id=\"image_526497379\">\n\t\t<a class=\"\" href=\"https:\/\/www.haendlerbund.de\/faircommerce\" target=\"_blank\" rel=\"noopener\" >\t\t\t\t\t\t<div class=\"img-inner dark\" >\n\t\t\t<img loading=\"lazy\" decoding=\"async\" width=\"281\" height=\"114\" src=\"https:\/\/preciousea.de\/wp-content\/uploads\/fc_logo.png\" class=\"attachment-large size-large\" alt=\"\" \/>\t\t\t\t\t\t\n\t\t\t\t\t<\/div>\n\t\t\t\t\t\t<\/a>\t\t\n<style>\n#image_526497379 {\n  width: 100%;\n}\n<\/style>\n\t<\/div>\n\t\n\n\n\t\t<\/div>\n\t\t\t\t\t<\/div>\n\n\t\n\n<\/div>\n\n","protected":false},"excerpt":{"rendered":"","protected":false},"author":1,"featured_media":0,"parent":0,"menu_order":0,"comment_status":"closed","ping_status":"closed","template":"","meta":{"footnotes":""},"class_list":["post-2233","page","type-page","status-publish","hentry"],"_links":{"self":[{"href":"https:\/\/preciousea.de\/en\/wp-json\/wp\/v2\/pages\/2233","targetHints":{"allow":["GET"]}}],"collection":[{"href":"https:\/\/preciousea.de\/en\/wp-json\/wp\/v2\/pages"}],"about":[{"href":"https:\/\/preciousea.de\/en\/wp-json\/wp\/v2\/types\/page"}],"author":[{"embeddable":true,"href":"https:\/\/preciousea.de\/en\/wp-json\/wp\/v2\/users\/1"}],"replies":[{"embeddable":true,"href":"https:\/\/preciousea.de\/en\/wp-json\/wp\/v2\/comments?post=2233"}],"version-history":[{"count":18,"href":"https:\/\/preciousea.de\/en\/wp-json\/wp\/v2\/pages\/2233\/revisions"}],"predecessor-version":[{"id":29860,"href":"https:\/\/preciousea.de\/en\/wp-json\/wp\/v2\/pages\/2233\/revisions\/29860"}],"wp:attachment":[{"href":"https:\/\/preciousea.de\/en\/wp-json\/wp\/v2\/media?parent=2233"}],"curies":[{"name":"wp","href":"https:\/\/api.w.org\/{rel}","templated":true}]}}